{"id":88,"date":"2022-01-06T16:22:14","date_gmt":"2022-01-06T15:22:14","guid":{"rendered":"https:\/\/mamaisonfrancaise.com\/home\/"},"modified":"2022-03-01T15:32:19","modified_gmt":"2022-03-01T14:32:19","slug":"home","status":"publish","type":"page","link":"https:\/\/mamaisonfrancaise.com\/fr\/","title":{"rendered":"Accueil"},"content":{"rendered":"","protected":false},"excerpt":{"rendered":"","protected":false},"author":1,"featured_media":0,"parent":0,"menu_order":0,"comment_status":"closed","ping_status":"closed","template":"template-modular.php","meta":{"_acf_changed":false,"footnotes":""},"class_list":["post-88","page","type-page","status-publish","hentry"],"acf":[],"yoast_head":"<!-- This site is optimized with the Yoast SEO plugin v27.5 - https:\/\/yoast.com\/product\/yoast-seo-wordpress\/ -->\n<title>Acheter et vendre des maisons dans le Poitou-Charentes - Ma Maison Fran\u00e7aise<\/title>\n<meta name=\"description\" content=\"Ma Maison Fran\u00e7aise peut vous aider \u00e0 acheter ou \u00e0 vendre votre propri\u00e9t\u00e9. Nous intervenons dans toute la r\u00e9gion Poitou-Charentes de la Nouvelle Aquitaine.\" \/>\n<meta name=\"robots\" content=\"index, follow, max-snippet:-1, max-image-preview:large, max-video-preview:-1\" \/>\n<link rel=\"canonical\" href=\"https:\/\/mamaisonfrancaise.com\/fr\/\" \/>\n<meta property=\"og:locale\" content=\"fr_FR\" \/>\n<meta property=\"og:type\" content=\"article\" \/>\n<meta property=\"og:title\" content=\"Acheter et vendre des maisons dans le Poitou-Charentes - Ma Maison Fran\u00e7aise\" \/>\n<meta property=\"og:description\" content=\"Ma Maison Fran\u00e7aise peut vous aider \u00e0 acheter ou \u00e0 vendre votre propri\u00e9t\u00e9. Nous intervenons dans toute la r\u00e9gion Poitou-Charentes de la Nouvelle Aquitaine.\" \/>\n<meta property=\"og:url\" content=\"https:\/\/mamaisonfrancaise.com\/fr\/\" \/>\n<meta property=\"og:site_name\" content=\"Ma Maison Fran\u00e7aise\" \/>\n<meta property=\"article:modified_time\" content=\"2022-03-01T14:32:19+00:00\" \/>\n<meta name=\"twitter:card\" content=\"summary_large_image\" \/>\n<script type=\"application\/ld+json\" class=\"yoast-schema-graph\">{\"@context\":\"https:\\\/\\\/schema.org\",\"@graph\":[{\"@type\":\"WebPage\",\"@id\":\"https:\\\/\\\/mamaisonfrancaise.com\\\/fr\\\/\",\"url\":\"https:\\\/\\\/mamaisonfrancaise.com\\\/fr\\\/\",\"name\":\"Acheter et vendre des maisons dans le Poitou-Charentes - Ma Maison Fran\u00e7aise\",\"isPartOf\":{\"@id\":\"https:\\\/\\\/mamaisonfrancaise.com\\\/#website\"},\"datePublished\":\"2022-01-06T15:22:14+00:00\",\"dateModified\":\"2022-03-01T14:32:19+00:00\",\"description\":\"Ma Maison Fran\u00e7aise peut vous aider \u00e0 acheter ou \u00e0 vendre votre propri\u00e9t\u00e9. Nous intervenons dans toute la r\u00e9gion Poitou-Charentes de la Nouvelle Aquitaine.\",\"breadcrumb\":{\"@id\":\"https:\\\/\\\/mamaisonfrancaise.com\\\/fr\\\/#breadcrumb\"},\"inLanguage\":\"fr-FR\",\"potentialAction\":[{\"@type\":\"ReadAction\",\"target\":[\"https:\\\/\\\/mamaisonfrancaise.com\\\/fr\\\/\"]}]},{\"@type\":\"BreadcrumbList\",\"@id\":\"https:\\\/\\\/mamaisonfrancaise.com\\\/fr\\\/#breadcrumb\",\"itemListElement\":[{\"@type\":\"ListItem\",\"position\":1,\"name\":\"Home\",\"item\":\"https:\\\/\\\/mamaisonfrancaise.com\\\/fr\\\/\"},{\"@type\":\"ListItem\",\"position\":2,\"name\":\"Accueil\"}]},{\"@type\":\"WebSite\",\"@id\":\"https:\\\/\\\/mamaisonfrancaise.com\\\/#website\",\"url\":\"https:\\\/\\\/mamaisonfrancaise.com\\\/\",\"name\":\"Ma Maison Fran\u00e7aise\",\"description\":\"\",\"potentialAction\":[{\"@type\":\"SearchAction\",\"target\":{\"@type\":\"EntryPoint\",\"urlTemplate\":\"https:\\\/\\\/mamaisonfrancaise.com\\\/?s={search_term_string}\"},\"query-input\":{\"@type\":\"PropertyValueSpecification\",\"valueRequired\":true,\"valueName\":\"search_term_string\"}}],\"inLanguage\":\"fr-FR\"}]}<\/script>\n<!-- \/ Yoast SEO plugin. -->","yoast_head_json":{"title":"Acheter et vendre des maisons dans le Poitou-Charentes - Ma Maison Fran\u00e7aise","description":"Ma Maison Fran\u00e7aise peut vous aider \u00e0 acheter ou \u00e0 vendre votre propri\u00e9t\u00e9. Nous intervenons dans toute la r\u00e9gion Poitou-Charentes de la Nouvelle Aquitaine.","robots":{"index":"index","follow":"follow","max-snippet":"max-snippet:-1","max-image-preview":"max-image-preview:large","max-video-preview":"max-video-preview:-1"},"canonical":"https:\/\/mamaisonfrancaise.com\/fr\/","og_locale":"fr_FR","og_type":"article","og_title":"Acheter et vendre des maisons dans le Poitou-Charentes - Ma Maison Fran\u00e7aise","og_description":"Ma Maison Fran\u00e7aise peut vous aider \u00e0 acheter ou \u00e0 vendre votre propri\u00e9t\u00e9. Nous intervenons dans toute la r\u00e9gion Poitou-Charentes de la Nouvelle Aquitaine.","og_url":"https:\/\/mamaisonfrancaise.com\/fr\/","og_site_name":"Ma Maison Fran\u00e7aise","article_modified_time":"2022-03-01T14:32:19+00:00","twitter_card":"summary_large_image","schema":{"@context":"https:\/\/schema.org","@graph":[{"@type":"WebPage","@id":"https:\/\/mamaisonfrancaise.com\/fr\/","url":"https:\/\/mamaisonfrancaise.com\/fr\/","name":"Acheter et vendre des maisons dans le Poitou-Charentes - Ma Maison Fran\u00e7aise","isPartOf":{"@id":"https:\/\/mamaisonfrancaise.com\/#website"},"datePublished":"2022-01-06T15:22:14+00:00","dateModified":"2022-03-01T14:32:19+00:00","description":"Ma Maison Fran\u00e7aise peut vous aider \u00e0 acheter ou \u00e0 vendre votre propri\u00e9t\u00e9. Nous intervenons dans toute la r\u00e9gion Poitou-Charentes de la Nouvelle Aquitaine.","breadcrumb":{"@id":"https:\/\/mamaisonfrancaise.com\/fr\/#breadcrumb"},"inLanguage":"fr-FR","potentialAction":[{"@type":"ReadAction","target":["https:\/\/mamaisonfrancaise.com\/fr\/"]}]},{"@type":"BreadcrumbList","@id":"https:\/\/mamaisonfrancaise.com\/fr\/#breadcrumb","itemListElement":[{"@type":"ListItem","position":1,"name":"Home","item":"https:\/\/mamaisonfrancaise.com\/fr\/"},{"@type":"ListItem","position":2,"name":"Accueil"}]},{"@type":"WebSite","@id":"https:\/\/mamaisonfrancaise.com\/#website","url":"https:\/\/mamaisonfrancaise.com\/","name":"Ma Maison Fran\u00e7aise","description":"","potentialAction":[{"@type":"SearchAction","target":{"@type":"EntryPoint","urlTemplate":"https:\/\/mamaisonfrancaise.com\/?s={search_term_string}"},"query-input":{"@type":"PropertyValueSpecification","valueRequired":true,"valueName":"search_term_string"}}],"inLanguage":"fr-FR"}]}},"_links":{"self":[{"href":"https:\/\/mamaisonfrancaise.com\/fr\/wp-json\/wp\/v2\/pages\/88","targetHints":{"allow":["GET"]}}],"collection":[{"href":"https:\/\/mamaisonfrancaise.com\/fr\/wp-json\/wp\/v2\/pages"}],"about":[{"href":"https:\/\/mamaisonfrancaise.com\/fr\/wp-json\/wp\/v2\/types\/page"}],"author":[{"embeddable":true,"href":"https:\/\/mamaisonfrancaise.com\/fr\/wp-json\/wp\/v2\/users\/1"}],"replies":[{"embeddable":true,"href":"https:\/\/mamaisonfrancaise.com\/fr\/wp-json\/wp\/v2\/comments?post=88"}],"version-history":[{"count":2,"href":"https:\/\/mamaisonfrancaise.com\/fr\/wp-json\/wp\/v2\/pages\/88\/revisions"}],"predecessor-version":[{"id":4510,"href":"https:\/\/mamaisonfrancaise.com\/fr\/wp-json\/wp\/v2\/pages\/88\/revisions\/4510"}],"wp:attachment":[{"href":"https:\/\/mamaisonfrancaise.com\/fr\/wp-json\/wp\/v2\/media?parent=88"}],"curies":[{"name":"wp","href":"https:\/\/api.w.org\/{rel}","templated":true}]}}