{"id":4503,"date":"2022-02-24T16:46:13","date_gmt":"2022-02-24T15:46:13","guid":{"rendered":"https:\/\/mamaisonfrancaise.com\/?page_id=4503"},"modified":"2022-03-01T15:33:58","modified_gmt":"2022-03-01T14:33:58","slug":"bareme","status":"publish","type":"page","link":"https:\/\/mamaisonfrancaise.com\/fr\/bareme\/","title":{"rendered":"Honoraires Maximum de N\u00e9gociation"},"content":{"rendered":"\n<p><strong>12 F\u00e9vrier 2022<\/strong><\/p>\n\n\n\n<figure class=\"wp-block-table\"><table><tbody><tr><td>Prix de vente<\/td><td>Mandat Simple<\/td><td>Mandat Exclusif<\/td><\/tr><tr><td>De 0 \u00e0 100 000 euros<\/td><td>7,5%<\/td><td>7,0%<\/td><\/tr><tr><td>De 100 001 \u00e0 150 000 euros<\/td><td>7,0%<\/td><td>6,50%<\/td><\/tr><tr><td>De 150 001 \u00e0 250 000 euros<\/td><td>6,0%<\/td><td>5,5%<\/td><\/tr><tr><td>De 250 001 \u00e0 350 000 euros<\/td><td>5,5%<\/td><td>5,0%<\/td><\/tr><tr><td>De 350 001 \u00e0 500 000 euros<\/td><td>5,0%<\/td><td>4,5%<\/td><\/tr><tr><td>De 500 001 \u00e0 750 000 euros<\/td><td>4,5%<\/td><td>4,0%<\/td><\/tr><tr><td>Plus de 750 001 euros<\/td><td>4,0%<\/td><td>3,5%<\/td><\/tr><\/tbody><\/table><\/figure>\n\n\n\n<p><strong>F<em>orfait honoraires minimum 7 000\u20ac, ces taux s\u2019entendent TVA de 20% comprise, honoraires charge vendeur.<\/em><\/strong><\/p>\n\n\n\n<p><br>A charge du propri\u00e9taire vendeur sauf convention contraire pr\u00e9cis\u00e9e dans le mandat. Tous nos compromis se signent chez notaire. Nous ne d\u00e9tenons aucun fonds pour le compte de nos clients. Nos honoraires sont dus \u00e0 la conclusion de l\u2019acte authentique de vente chez notaire.<\/p>\n\n\n\n<p><strong>Nous ne faisons ni location, ni gestion, ni syndic<\/strong><\/p>\n","protected":false},"excerpt":{"rendered":"<p>12 F\u00e9vrier 2022 Prix de vente Mandat Simple Mandat Exclusif De 0 \u00e0 100 000 euros 7,5% 7,0% De 100 001 \u00e0 150 000 euros 7,0% 6,50% De 150 001 \u00e0 250 000 euros 6,0% 5,5% De 250 001 \u00e0 350 000 euros 5,5% 5,0% De 350 001 \u00e0 500 000 euros 5,0% 4,5% De [&hellip;]<\/p>\n","protected":false},"author":1,"featured_media":0,"parent":0,"menu_order":0,"comment_status":"closed","ping_status":"closed","template":"template-centered.php","meta":{"_acf_changed":false,"footnotes":""},"class_list":["post-4503","page","type-page","status-publish","hentry"],"acf":[],"yoast_head":"<!-- This site is optimized with the Yoast SEO plugin v27.5 - https:\/\/yoast.com\/product\/yoast-seo-wordpress\/ -->\n<title>Honoraires Maximum de N\u00e9gociation - Ma Maison Fran\u00e7aise<\/title>\n<meta name=\"description\" content=\"Les Honoraires Maximum de N\u00e9gociation de Ma Maison Fran\u00e7aise&#039;s pour les ventes en Poitou-Charentes.\" \/>\n<meta name=\"robots\" content=\"index, follow, max-snippet:-1, max-image-preview:large, max-video-preview:-1\" \/>\n<link rel=\"canonical\" href=\"https:\/\/mamaisonfrancaise.com\/fr\/bareme\/\" \/>\n<meta property=\"og:locale\" content=\"fr_FR\" \/>\n<meta property=\"og:type\" content=\"article\" \/>\n<meta property=\"og:title\" content=\"Honoraires Maximum de N\u00e9gociation - Ma Maison Fran\u00e7aise\" \/>\n<meta property=\"og:description\" content=\"Les Honoraires Maximum de N\u00e9gociation de Ma Maison Fran\u00e7aise&#039;s pour les ventes en Poitou-Charentes.\" \/>\n<meta property=\"og:url\" content=\"https:\/\/mamaisonfrancaise.com\/fr\/bareme\/\" \/>\n<meta property=\"og:site_name\" content=\"Ma Maison Fran\u00e7aise\" \/>\n<meta property=\"article:modified_time\" content=\"2022-03-01T14:33:58+00:00\" \/>\n<meta name=\"twitter:card\" content=\"summary_large_image\" \/>\n<meta name=\"twitter:label1\" content=\"Dur\u00e9e de lecture estim\u00e9e\" \/>\n\t<meta name=\"twitter:data1\" content=\"1 minute\" \/>\n<script type=\"application\/ld+json\" class=\"yoast-schema-graph\">{\"@context\":\"https:\\\/\\\/schema.org\",\"@graph\":[{\"@type\":\"WebPage\",\"@id\":\"https:\\\/\\\/mamaisonfrancaise.com\\\/fr\\\/bareme\\\/\",\"url\":\"https:\\\/\\\/mamaisonfrancaise.com\\\/fr\\\/bareme\\\/\",\"name\":\"Honoraires Maximum de N\u00e9gociation - Ma Maison Fran\u00e7aise\",\"isPartOf\":{\"@id\":\"https:\\\/\\\/mamaisonfrancaise.com\\\/#website\"},\"datePublished\":\"2022-02-24T15:46:13+00:00\",\"dateModified\":\"2022-03-01T14:33:58+00:00\",\"description\":\"Les Honoraires Maximum de N\u00e9gociation de Ma Maison Fran\u00e7aise's pour les ventes en Poitou-Charentes.\",\"breadcrumb\":{\"@id\":\"https:\\\/\\\/mamaisonfrancaise.com\\\/fr\\\/bareme\\\/#breadcrumb\"},\"inLanguage\":\"fr-FR\",\"potentialAction\":[{\"@type\":\"ReadAction\",\"target\":[\"https:\\\/\\\/mamaisonfrancaise.com\\\/fr\\\/bareme\\\/\"]}]},{\"@type\":\"BreadcrumbList\",\"@id\":\"https:\\\/\\\/mamaisonfrancaise.com\\\/fr\\\/bareme\\\/#breadcrumb\",\"itemListElement\":[{\"@type\":\"ListItem\",\"position\":1,\"name\":\"Home\",\"item\":\"https:\\\/\\\/mamaisonfrancaise.com\\\/fr\\\/\"},{\"@type\":\"ListItem\",\"position\":2,\"name\":\"Honoraires Maximum de N\u00e9gociation\"}]},{\"@type\":\"WebSite\",\"@id\":\"https:\\\/\\\/mamaisonfrancaise.com\\\/#website\",\"url\":\"https:\\\/\\\/mamaisonfrancaise.com\\\/\",\"name\":\"Ma Maison Fran\u00e7aise\",\"description\":\"\",\"potentialAction\":[{\"@type\":\"SearchAction\",\"target\":{\"@type\":\"EntryPoint\",\"urlTemplate\":\"https:\\\/\\\/mamaisonfrancaise.com\\\/?s={search_term_string}\"},\"query-input\":{\"@type\":\"PropertyValueSpecification\",\"valueRequired\":true,\"valueName\":\"search_term_string\"}}],\"inLanguage\":\"fr-FR\"}]}<\/script>\n<!-- \/ Yoast SEO plugin. -->","yoast_head_json":{"title":"Honoraires Maximum de N\u00e9gociation - Ma Maison Fran\u00e7aise","description":"Les Honoraires Maximum de N\u00e9gociation de Ma Maison Fran\u00e7aise's pour les ventes en Poitou-Charentes.","robots":{"index":"index","follow":"follow","max-snippet":"max-snippet:-1","max-image-preview":"max-image-preview:large","max-video-preview":"max-video-preview:-1"},"canonical":"https:\/\/mamaisonfrancaise.com\/fr\/bareme\/","og_locale":"fr_FR","og_type":"article","og_title":"Honoraires Maximum de N\u00e9gociation - Ma Maison Fran\u00e7aise","og_description":"Les Honoraires Maximum de N\u00e9gociation de Ma Maison Fran\u00e7aise's pour les ventes en Poitou-Charentes.","og_url":"https:\/\/mamaisonfrancaise.com\/fr\/bareme\/","og_site_name":"Ma Maison Fran\u00e7aise","article_modified_time":"2022-03-01T14:33:58+00:00","twitter_card":"summary_large_image","twitter_misc":{"Dur\u00e9e de lecture estim\u00e9e":"1 minute"},"schema":{"@context":"https:\/\/schema.org","@graph":[{"@type":"WebPage","@id":"https:\/\/mamaisonfrancaise.com\/fr\/bareme\/","url":"https:\/\/mamaisonfrancaise.com\/fr\/bareme\/","name":"Honoraires Maximum de N\u00e9gociation - Ma Maison Fran\u00e7aise","isPartOf":{"@id":"https:\/\/mamaisonfrancaise.com\/#website"},"datePublished":"2022-02-24T15:46:13+00:00","dateModified":"2022-03-01T14:33:58+00:00","description":"Les Honoraires Maximum de N\u00e9gociation de Ma Maison Fran\u00e7aise's pour les ventes en Poitou-Charentes.","breadcrumb":{"@id":"https:\/\/mamaisonfrancaise.com\/fr\/bareme\/#breadcrumb"},"inLanguage":"fr-FR","potentialAction":[{"@type":"ReadAction","target":["https:\/\/mamaisonfrancaise.com\/fr\/bareme\/"]}]},{"@type":"BreadcrumbList","@id":"https:\/\/mamaisonfrancaise.com\/fr\/bareme\/#breadcrumb","itemListElement":[{"@type":"ListItem","position":1,"name":"Home","item":"https:\/\/mamaisonfrancaise.com\/fr\/"},{"@type":"ListItem","position":2,"name":"Honoraires Maximum de N\u00e9gociation"}]},{"@type":"WebSite","@id":"https:\/\/mamaisonfrancaise.com\/#website","url":"https:\/\/mamaisonfrancaise.com\/","name":"Ma Maison Fran\u00e7aise","description":"","potentialAction":[{"@type":"SearchAction","target":{"@type":"EntryPoint","urlTemplate":"https:\/\/mamaisonfrancaise.com\/?s={search_term_string}"},"query-input":{"@type":"PropertyValueSpecification","valueRequired":true,"valueName":"search_term_string"}}],"inLanguage":"fr-FR"}]}},"_links":{"self":[{"href":"https:\/\/mamaisonfrancaise.com\/fr\/wp-json\/wp\/v2\/pages\/4503","targetHints":{"allow":["GET"]}}],"collection":[{"href":"https:\/\/mamaisonfrancaise.com\/fr\/wp-json\/wp\/v2\/pages"}],"about":[{"href":"https:\/\/mamaisonfrancaise.com\/fr\/wp-json\/wp\/v2\/types\/page"}],"author":[{"embeddable":true,"href":"https:\/\/mamaisonfrancaise.com\/fr\/wp-json\/wp\/v2\/users\/1"}],"replies":[{"embeddable":true,"href":"https:\/\/mamaisonfrancaise.com\/fr\/wp-json\/wp\/v2\/comments?post=4503"}],"version-history":[{"count":2,"href":"https:\/\/mamaisonfrancaise.com\/fr\/wp-json\/wp\/v2\/pages\/4503\/revisions"}],"predecessor-version":[{"id":4556,"href":"https:\/\/mamaisonfrancaise.com\/fr\/wp-json\/wp\/v2\/pages\/4503\/revisions\/4556"}],"wp:attachment":[{"href":"https:\/\/mamaisonfrancaise.com\/fr\/wp-json\/wp\/v2\/media?parent=4503"}],"curies":[{"name":"wp","href":"https:\/\/api.w.org\/{rel}","templated":true}]}}