{"id":3697,"date":"2022-01-04T11:30:20","date_gmt":"2022-01-04T11:30:20","guid":{"rendered":"https:\/\/mamaisonfrancaise.com\/about\/"},"modified":"2022-03-01T15:24:37","modified_gmt":"2022-03-01T14:24:37","slug":"qui-sommes-nous","status":"publish","type":"page","link":"https:\/\/mamaisonfrancaise.com\/fr\/qui-sommes-nous\/","title":{"rendered":"Qui Sommes Nous"},"content":{"rendered":"","protected":false},"excerpt":{"rendered":"","protected":false},"author":1,"featured_media":0,"parent":0,"menu_order":0,"comment_status":"closed","ping_status":"closed","template":"template-modular.php","meta":{"_acf_changed":false,"footnotes":""},"class_list":["post-3697","page","type-page","status-publish","hentry"],"acf":[],"yoast_head":"<!-- This site is optimized with the Yoast SEO plugin v27.5 - https:\/\/yoast.com\/product\/yoast-seo-wordpress\/ -->\n<title>Faites connaissance avec l&#039;\u00e9quipe de Ma Maison Fran\u00e7aise<\/title>\n<meta name=\"description\" content=\"Depuis 2008, Ma Maison Fran\u00e7aise aide ses clients \u00e0 trouver la maison de leurs r\u00eaves dans la belle r\u00e9gion du Poitou-Charentes.\" \/>\n<meta name=\"robots\" content=\"index, follow, max-snippet:-1, max-image-preview:large, max-video-preview:-1\" \/>\n<link rel=\"canonical\" href=\"https:\/\/mamaisonfrancaise.com\/fr\/qui-sommes-nous\/\" \/>\n<meta property=\"og:locale\" content=\"fr_FR\" \/>\n<meta property=\"og:type\" content=\"article\" \/>\n<meta property=\"og:title\" content=\"Faites connaissance avec l&#039;\u00e9quipe de Ma Maison Fran\u00e7aise\" \/>\n<meta property=\"og:description\" content=\"Depuis 2008, Ma Maison Fran\u00e7aise aide ses clients \u00e0 trouver la maison de leurs r\u00eaves dans la belle r\u00e9gion du Poitou-Charentes.\" \/>\n<meta property=\"og:url\" content=\"https:\/\/mamaisonfrancaise.com\/fr\/qui-sommes-nous\/\" \/>\n<meta property=\"og:site_name\" content=\"Ma Maison Fran\u00e7aise\" \/>\n<meta property=\"article:modified_time\" content=\"2022-03-01T14:24:37+00:00\" \/>\n<meta name=\"twitter:card\" content=\"summary_large_image\" \/>\n<script type=\"application\/ld+json\" class=\"yoast-schema-graph\">{\"@context\":\"https:\\\/\\\/schema.org\",\"@graph\":[{\"@type\":\"WebPage\",\"@id\":\"https:\\\/\\\/mamaisonfrancaise.com\\\/fr\\\/qui-sommes-nous\\\/\",\"url\":\"https:\\\/\\\/mamaisonfrancaise.com\\\/fr\\\/qui-sommes-nous\\\/\",\"name\":\"Faites connaissance avec l'\u00e9quipe de Ma Maison Fran\u00e7aise\",\"isPartOf\":{\"@id\":\"https:\\\/\\\/mamaisonfrancaise.com\\\/#website\"},\"datePublished\":\"2022-01-04T11:30:20+00:00\",\"dateModified\":\"2022-03-01T14:24:37+00:00\",\"description\":\"Depuis 2008, Ma Maison Fran\u00e7aise aide ses clients \u00e0 trouver la maison de leurs r\u00eaves dans la belle r\u00e9gion du Poitou-Charentes.\",\"breadcrumb\":{\"@id\":\"https:\\\/\\\/mamaisonfrancaise.com\\\/fr\\\/qui-sommes-nous\\\/#breadcrumb\"},\"inLanguage\":\"fr-FR\",\"potentialAction\":[{\"@type\":\"ReadAction\",\"target\":[\"https:\\\/\\\/mamaisonfrancaise.com\\\/fr\\\/qui-sommes-nous\\\/\"]}]},{\"@type\":\"BreadcrumbList\",\"@id\":\"https:\\\/\\\/mamaisonfrancaise.com\\\/fr\\\/qui-sommes-nous\\\/#breadcrumb\",\"itemListElement\":[{\"@type\":\"ListItem\",\"position\":1,\"name\":\"Home\",\"item\":\"https:\\\/\\\/mamaisonfrancaise.com\\\/fr\\\/\"},{\"@type\":\"ListItem\",\"position\":2,\"name\":\"Qui Sommes Nous\"}]},{\"@type\":\"WebSite\",\"@id\":\"https:\\\/\\\/mamaisonfrancaise.com\\\/#website\",\"url\":\"https:\\\/\\\/mamaisonfrancaise.com\\\/\",\"name\":\"Ma Maison Fran\u00e7aise\",\"description\":\"\",\"potentialAction\":[{\"@type\":\"SearchAction\",\"target\":{\"@type\":\"EntryPoint\",\"urlTemplate\":\"https:\\\/\\\/mamaisonfrancaise.com\\\/?s={search_term_string}\"},\"query-input\":{\"@type\":\"PropertyValueSpecification\",\"valueRequired\":true,\"valueName\":\"search_term_string\"}}],\"inLanguage\":\"fr-FR\"}]}<\/script>\n<!-- \/ Yoast SEO plugin. -->","yoast_head_json":{"title":"Faites connaissance avec l'\u00e9quipe de Ma Maison Fran\u00e7aise","description":"Depuis 2008, Ma Maison Fran\u00e7aise aide ses clients \u00e0 trouver la maison de leurs r\u00eaves dans la belle r\u00e9gion du Poitou-Charentes.","robots":{"index":"index","follow":"follow","max-snippet":"max-snippet:-1","max-image-preview":"max-image-preview:large","max-video-preview":"max-video-preview:-1"},"canonical":"https:\/\/mamaisonfrancaise.com\/fr\/qui-sommes-nous\/","og_locale":"fr_FR","og_type":"article","og_title":"Faites connaissance avec l'\u00e9quipe de Ma Maison Fran\u00e7aise","og_description":"Depuis 2008, Ma Maison Fran\u00e7aise aide ses clients \u00e0 trouver la maison de leurs r\u00eaves dans la belle r\u00e9gion du Poitou-Charentes.","og_url":"https:\/\/mamaisonfrancaise.com\/fr\/qui-sommes-nous\/","og_site_name":"Ma Maison Fran\u00e7aise","article_modified_time":"2022-03-01T14:24:37+00:00","twitter_card":"summary_large_image","schema":{"@context":"https:\/\/schema.org","@graph":[{"@type":"WebPage","@id":"https:\/\/mamaisonfrancaise.com\/fr\/qui-sommes-nous\/","url":"https:\/\/mamaisonfrancaise.com\/fr\/qui-sommes-nous\/","name":"Faites connaissance avec l'\u00e9quipe de Ma Maison Fran\u00e7aise","isPartOf":{"@id":"https:\/\/mamaisonfrancaise.com\/#website"},"datePublished":"2022-01-04T11:30:20+00:00","dateModified":"2022-03-01T14:24:37+00:00","description":"Depuis 2008, Ma Maison Fran\u00e7aise aide ses clients \u00e0 trouver la maison de leurs r\u00eaves dans la belle r\u00e9gion du Poitou-Charentes.","breadcrumb":{"@id":"https:\/\/mamaisonfrancaise.com\/fr\/qui-sommes-nous\/#breadcrumb"},"inLanguage":"fr-FR","potentialAction":[{"@type":"ReadAction","target":["https:\/\/mamaisonfrancaise.com\/fr\/qui-sommes-nous\/"]}]},{"@type":"BreadcrumbList","@id":"https:\/\/mamaisonfrancaise.com\/fr\/qui-sommes-nous\/#breadcrumb","itemListElement":[{"@type":"ListItem","position":1,"name":"Home","item":"https:\/\/mamaisonfrancaise.com\/fr\/"},{"@type":"ListItem","position":2,"name":"Qui Sommes Nous"}]},{"@type":"WebSite","@id":"https:\/\/mamaisonfrancaise.com\/#website","url":"https:\/\/mamaisonfrancaise.com\/","name":"Ma Maison Fran\u00e7aise","description":"","potentialAction":[{"@type":"SearchAction","target":{"@type":"EntryPoint","urlTemplate":"https:\/\/mamaisonfrancaise.com\/?s={search_term_string}"},"query-input":{"@type":"PropertyValueSpecification","valueRequired":true,"valueName":"search_term_string"}}],"inLanguage":"fr-FR"}]}},"_links":{"self":[{"href":"https:\/\/mamaisonfrancaise.com\/fr\/wp-json\/wp\/v2\/pages\/3697","targetHints":{"allow":["GET"]}}],"collection":[{"href":"https:\/\/mamaisonfrancaise.com\/fr\/wp-json\/wp\/v2\/pages"}],"about":[{"href":"https:\/\/mamaisonfrancaise.com\/fr\/wp-json\/wp\/v2\/types\/page"}],"author":[{"embeddable":true,"href":"https:\/\/mamaisonfrancaise.com\/fr\/wp-json\/wp\/v2\/users\/1"}],"replies":[{"embeddable":true,"href":"https:\/\/mamaisonfrancaise.com\/fr\/wp-json\/wp\/v2\/comments?post=3697"}],"version-history":[{"count":1,"href":"https:\/\/mamaisonfrancaise.com\/fr\/wp-json\/wp\/v2\/pages\/3697\/revisions"}],"predecessor-version":[{"id":3698,"href":"https:\/\/mamaisonfrancaise.com\/fr\/wp-json\/wp\/v2\/pages\/3697\/revisions\/3698"}],"wp:attachment":[{"href":"https:\/\/mamaisonfrancaise.com\/fr\/wp-json\/wp\/v2\/media?parent=3697"}],"curies":[{"name":"wp","href":"https:\/\/api.w.org\/{rel}","templated":true}]}}