{"id":3692,"date":"2022-01-04T11:30:04","date_gmt":"2022-01-04T11:30:04","guid":{"rendered":"https:\/\/mamaisonfrancaise.com\/sell\/"},"modified":"2022-03-01T15:37:12","modified_gmt":"2022-03-01T14:37:12","slug":"vendre","status":"publish","type":"page","link":"https:\/\/mamaisonfrancaise.com\/fr\/vendre\/","title":{"rendered":"Vendre"},"content":{"rendered":"","protected":false},"excerpt":{"rendered":"","protected":false},"author":1,"featured_media":0,"parent":0,"menu_order":0,"comment_status":"closed","ping_status":"closed","template":"template-modular.php","meta":{"_acf_changed":false,"footnotes":""},"class_list":["post-3692","page","type-page","status-publish","hentry"],"acf":[],"yoast_head":"<!-- This site is optimized with the Yoast SEO plugin v27.5 - https:\/\/yoast.com\/product\/yoast-seo-wordpress\/ -->\n<title>Vendre sa maison en Poitou-Charentes avec Ma Maison Fran\u00e7aise<\/title>\n<meta name=\"description\" content=\"Chez Ma Maison Francaise, nous sommes convaincus que si vous suivez nos directives en mati\u00e8re de prix et de pr\u00e9sentation, un acte de vente sera sign\u00e9 sous 6 mois.\" \/>\n<meta name=\"robots\" content=\"index, follow, max-snippet:-1, max-image-preview:large, max-video-preview:-1\" \/>\n<link rel=\"canonical\" href=\"https:\/\/mamaisonfrancaise.com\/fr\/vendre\/\" \/>\n<meta property=\"og:locale\" content=\"fr_FR\" \/>\n<meta property=\"og:type\" content=\"article\" \/>\n<meta property=\"og:title\" content=\"Vendre sa maison en Poitou-Charentes avec Ma Maison Fran\u00e7aise\" \/>\n<meta property=\"og:description\" content=\"Chez Ma Maison Francaise, nous sommes convaincus que si vous suivez nos directives en mati\u00e8re de prix et de pr\u00e9sentation, un acte de vente sera sign\u00e9 sous 6 mois.\" \/>\n<meta property=\"og:url\" content=\"https:\/\/mamaisonfrancaise.com\/fr\/vendre\/\" \/>\n<meta property=\"og:site_name\" content=\"Ma Maison Fran\u00e7aise\" \/>\n<meta property=\"article:modified_time\" content=\"2022-03-01T14:37:12+00:00\" \/>\n<meta name=\"twitter:card\" content=\"summary_large_image\" \/>\n<script type=\"application\/ld+json\" class=\"yoast-schema-graph\">{\"@context\":\"https:\\\/\\\/schema.org\",\"@graph\":[{\"@type\":\"WebPage\",\"@id\":\"https:\\\/\\\/mamaisonfrancaise.com\\\/fr\\\/vendre\\\/\",\"url\":\"https:\\\/\\\/mamaisonfrancaise.com\\\/fr\\\/vendre\\\/\",\"name\":\"Vendre sa maison en Poitou-Charentes avec Ma Maison Fran\u00e7aise\",\"isPartOf\":{\"@id\":\"https:\\\/\\\/mamaisonfrancaise.com\\\/#website\"},\"datePublished\":\"2022-01-04T11:30:04+00:00\",\"dateModified\":\"2022-03-01T14:37:12+00:00\",\"description\":\"Chez Ma Maison Francaise, nous sommes convaincus que si vous suivez nos directives en mati\u00e8re de prix et de pr\u00e9sentation, un acte de vente sera sign\u00e9 sous 6 mois.\",\"breadcrumb\":{\"@id\":\"https:\\\/\\\/mamaisonfrancaise.com\\\/fr\\\/vendre\\\/#breadcrumb\"},\"inLanguage\":\"fr-FR\",\"potentialAction\":[{\"@type\":\"ReadAction\",\"target\":[\"https:\\\/\\\/mamaisonfrancaise.com\\\/fr\\\/vendre\\\/\"]}]},{\"@type\":\"BreadcrumbList\",\"@id\":\"https:\\\/\\\/mamaisonfrancaise.com\\\/fr\\\/vendre\\\/#breadcrumb\",\"itemListElement\":[{\"@type\":\"ListItem\",\"position\":1,\"name\":\"Home\",\"item\":\"https:\\\/\\\/mamaisonfrancaise.com\\\/fr\\\/\"},{\"@type\":\"ListItem\",\"position\":2,\"name\":\"Vendre\"}]},{\"@type\":\"WebSite\",\"@id\":\"https:\\\/\\\/mamaisonfrancaise.com\\\/#website\",\"url\":\"https:\\\/\\\/mamaisonfrancaise.com\\\/\",\"name\":\"Ma Maison Fran\u00e7aise\",\"description\":\"\",\"potentialAction\":[{\"@type\":\"SearchAction\",\"target\":{\"@type\":\"EntryPoint\",\"urlTemplate\":\"https:\\\/\\\/mamaisonfrancaise.com\\\/?s={search_term_string}\"},\"query-input\":{\"@type\":\"PropertyValueSpecification\",\"valueRequired\":true,\"valueName\":\"search_term_string\"}}],\"inLanguage\":\"fr-FR\"}]}<\/script>\n<!-- \/ Yoast SEO plugin. -->","yoast_head_json":{"title":"Vendre sa maison en Poitou-Charentes avec Ma Maison Fran\u00e7aise","description":"Chez Ma Maison Francaise, nous sommes convaincus que si vous suivez nos directives en mati\u00e8re de prix et de pr\u00e9sentation, un acte de vente sera sign\u00e9 sous 6 mois.","robots":{"index":"index","follow":"follow","max-snippet":"max-snippet:-1","max-image-preview":"max-image-preview:large","max-video-preview":"max-video-preview:-1"},"canonical":"https:\/\/mamaisonfrancaise.com\/fr\/vendre\/","og_locale":"fr_FR","og_type":"article","og_title":"Vendre sa maison en Poitou-Charentes avec Ma Maison Fran\u00e7aise","og_description":"Chez Ma Maison Francaise, nous sommes convaincus que si vous suivez nos directives en mati\u00e8re de prix et de pr\u00e9sentation, un acte de vente sera sign\u00e9 sous 6 mois.","og_url":"https:\/\/mamaisonfrancaise.com\/fr\/vendre\/","og_site_name":"Ma Maison Fran\u00e7aise","article_modified_time":"2022-03-01T14:37:12+00:00","twitter_card":"summary_large_image","schema":{"@context":"https:\/\/schema.org","@graph":[{"@type":"WebPage","@id":"https:\/\/mamaisonfrancaise.com\/fr\/vendre\/","url":"https:\/\/mamaisonfrancaise.com\/fr\/vendre\/","name":"Vendre sa maison en Poitou-Charentes avec Ma Maison Fran\u00e7aise","isPartOf":{"@id":"https:\/\/mamaisonfrancaise.com\/#website"},"datePublished":"2022-01-04T11:30:04+00:00","dateModified":"2022-03-01T14:37:12+00:00","description":"Chez Ma Maison Francaise, nous sommes convaincus que si vous suivez nos directives en mati\u00e8re de prix et de pr\u00e9sentation, un acte de vente sera sign\u00e9 sous 6 mois.","breadcrumb":{"@id":"https:\/\/mamaisonfrancaise.com\/fr\/vendre\/#breadcrumb"},"inLanguage":"fr-FR","potentialAction":[{"@type":"ReadAction","target":["https:\/\/mamaisonfrancaise.com\/fr\/vendre\/"]}]},{"@type":"BreadcrumbList","@id":"https:\/\/mamaisonfrancaise.com\/fr\/vendre\/#breadcrumb","itemListElement":[{"@type":"ListItem","position":1,"name":"Home","item":"https:\/\/mamaisonfrancaise.com\/fr\/"},{"@type":"ListItem","position":2,"name":"Vendre"}]},{"@type":"WebSite","@id":"https:\/\/mamaisonfrancaise.com\/#website","url":"https:\/\/mamaisonfrancaise.com\/","name":"Ma Maison Fran\u00e7aise","description":"","potentialAction":[{"@type":"SearchAction","target":{"@type":"EntryPoint","urlTemplate":"https:\/\/mamaisonfrancaise.com\/?s={search_term_string}"},"query-input":{"@type":"PropertyValueSpecification","valueRequired":true,"valueName":"search_term_string"}}],"inLanguage":"fr-FR"}]}},"_links":{"self":[{"href":"https:\/\/mamaisonfrancaise.com\/fr\/wp-json\/wp\/v2\/pages\/3692","targetHints":{"allow":["GET"]}}],"collection":[{"href":"https:\/\/mamaisonfrancaise.com\/fr\/wp-json\/wp\/v2\/pages"}],"about":[{"href":"https:\/\/mamaisonfrancaise.com\/fr\/wp-json\/wp\/v2\/types\/page"}],"author":[{"embeddable":true,"href":"https:\/\/mamaisonfrancaise.com\/fr\/wp-json\/wp\/v2\/users\/1"}],"replies":[{"embeddable":true,"href":"https:\/\/mamaisonfrancaise.com\/fr\/wp-json\/wp\/v2\/comments?post=3692"}],"version-history":[{"count":1,"href":"https:\/\/mamaisonfrancaise.com\/fr\/wp-json\/wp\/v2\/pages\/3692\/revisions"}],"predecessor-version":[{"id":3693,"href":"https:\/\/mamaisonfrancaise.com\/fr\/wp-json\/wp\/v2\/pages\/3692\/revisions\/3693"}],"wp:attachment":[{"href":"https:\/\/mamaisonfrancaise.com\/fr\/wp-json\/wp\/v2\/media?parent=3692"}],"curies":[{"name":"wp","href":"https:\/\/api.w.org\/{rel}","templated":true}]}}